{"id":10032,"date":"2018-07-10T08:42:48","date_gmt":"2018-07-10T06:42:48","guid":{"rendered":"https:\/\/www.kletterkultur.com\/?page_id=10032"},"modified":"2020-09-10T17:17:25","modified_gmt":"2020-09-10T15:17:25","slug":"referenzliste","status":"publish","type":"page","link":"https:\/\/www.kletterkultur.com\/?page_id=10032","title":{"rendered":"Referenzen"},"content":{"rendered":"<div class=\"wpb-content-wrapper\"><p>[vc_section][vc_row][vc_column][vc_empty_space height=&#8220;150 px&#8220;][section_header use_decoration=&#8220;1&#8243; layout_type=&#8220;section-heading-point-bottom&#8220; main_heading=&#8220;Referenzen&#8220;][vc_empty_space][section_header use_decoration=&#8220;1&#8243; layout_type=&#8220;section-heading-border-top-bottom&#8220; main_heading=&#8220;Wand- &amp; Mattenbau&#8220; text_align=&#8220;left&#8220;][vc_column_text]Keine Boulderhalle ist gleich, und doch finden wir mit dir zusammen ein passendes Wand- &amp; Mattenkonzept. Wir garantieren dir mit unserem Kooperationspartner, der Blocz GmbH aus Chemnitz einen nachhaltigen, qualitativ hochwertigen und ma\u00dfgeschneiderten Hallenausbau.[\/vc_column_text][\/vc_column][\/vc_row][vc_row][vc_column][vc_empty_space height=&#8220;100px&#8220;][\/vc_column][\/vc_row][vc_row expanded=&#8220;1,2&#8243; background_style=&#8220;cover&#8220; background_image=&#8220;10034&#8243;][vc_column width=&#8220;1\/4&#8243;][vc_btn title=&#8220;Mandala Boulderhalle Dresden&#8220; style=&#8220;classic&#8220; shape=&#8220;square&#8220; color=&#8220;inverse&#8220; align=&#8220;left&#8220; button_block=&#8220;true&#8220; link=&#8220;url:http%3A%2F%2Fboulderhalle-dresden.de%2F||target:%20_blank|&#8220; css=&#8220;.vc_custom_1588946131533{background-image: url(https:\/\/www.kletterkultur.com\/wp-content\/uploads\/2015\/10\/logo.png?id=9784) !important;}&#8220;][\/vc_column][vc_column width=&#8220;1\/2&#8243;][vc_empty_space][vc_empty_space height=&#8220;100px&#8220;][\/vc_column][vc_column width=&#8220;1\/4&#8243;][vc_empty_space height=&#8220;100 px&#8220;][vc_gallery interval=&#8220;0&#8243; images=&#8220;10033,10034,10035,10088&#8243; img_size=&#8220;medium&#8220;][\/vc_column][\/vc_row][vc_row][vc_column][vc_empty_space height=&#8220;100px&#8220;][\/vc_column][\/vc_row][vc_row expanded=&#8220;1,2&#8243; background_style=&#8220;cover&#8220; background_image=&#8220;10092&#8243;][vc_column width=&#8220;1\/4&#8243;][vc_empty_space height=&#8220;100 px&#8220;][vc_gallery interval=&#8220;0&#8243; images=&#8220;10096,10095,10094,10093,10092&#8243; img_size=&#8220;medium&#8220;][\/vc_column][vc_column width=&#8220;1\/2&#8243;][vc_empty_space height=&#8220;100px&#8220;][\/vc_column][vc_column width=&#8220;1\/4&#8243;][vc_btn title=&#8220;Boulderlounge Chemnitz&#8220; style=&#8220;classic&#8220; shape=&#8220;square&#8220; color=&#8220;inverse&#8220; align=&#8220;left&#8220; button_block=&#8220;true&#8220; link=&#8220;url:https%3A%2F%2Fwww.boulderlounge-chemnitz.de%2Fde%2F||target:%20_blank|&#8220; css=&#8220;.vc_custom_1531221813291{background-image: url(https:\/\/www.kletterkultur.com\/wp-content\/uploads\/2015\/10\/logo.png?id=9784) !important;}&#8220;][\/vc_column][\/vc_row][vc_row][vc_column][vc_empty_space height=&#8220;100px&#8220;][\/vc_column][\/vc_row][vc_row expanded=&#8220;1,2&#8243; background_style=&#8220;cover&#8220; background_image=&#8220;10129&#8243;][vc_column width=&#8220;1\/4&#8243;][vc_btn title=&#8220;Urban Apes Boulderquartier Hamburg&#8220; style=&#8220;classic&#8220; shape=&#8220;square&#8220; color=&#8220;inverse&#8220; align=&#8220;left&#8220; button_block=&#8220;true&#8220; link=&#8220;url:https%3A%2F%2Fwww.urbanapes.de%2Fhamburg%2F||target:%20_blank|&#8220; css=&#8220;.vc_custom_1588946112013{background-image: url(https:\/\/www.kletterkultur.com\/wp-content\/uploads\/2015\/10\/logo.png?id=9784) !important;}&#8220;][\/vc_column][vc_column width=&#8220;1\/2&#8243;][vc_empty_space height=&#8220;100px&#8220;][\/vc_column][vc_column width=&#8220;1\/4&#8243;][vc_empty_space height=&#8220;100 px&#8220;][vc_gallery interval=&#8220;0&#8243; images=&#8220;10130,10131,10132,10133,10134&#8243; img_size=&#8220;medium&#8220;][\/vc_column][\/vc_row][vc_row][vc_column][vc_tta_accordion active_section=&#8220;1&#8243; title=&#8220;Weitere Wand- &amp; Mattenbauprojekte&#8220;][vc_tta_section title=&#8220;Greifhaus Braunschweig&#8220; tab_id=&#8220;1531220441359-8ee3557c-8445&#8243;][vc_btn title=&#8220;Greifhaus Website&#8220; link=&#8220;url:http%3A%2F%2Fwww.greifhaus.de%2Fhome%2F||target:%20_blank|&#8220;][\/vc_tta_section][vc_tta_section title=&#8220;Bouldergarten Berlin&#8220; tab_id=&#8220;1531220441404-3413c73f-22b9&#8243;][vc_btn title=&#8220;Bouldergarten Website&#8220; link=&#8220;url:http%3A%2F%2Fwww.bouldergarten.de%2F||target:%20_blank|&#8220;][\/vc_tta_section][vc_tta_section title=&#8220;Rox Herrenberg&#8220; tab_id=&#8220;1531220580242-12b3e2c0-5f4f&#8220;][vc_btn title=&#8220;Rox Website&#8220; link=&#8220;url:https%3A%2F%2Frox-herrenberg.de%2F||target:%20_blank|&#8220;][\/vc_tta_section][\/vc_tta_accordion][\/vc_column][\/vc_row][vc_row][vc_column][vc_empty_space height=&#8220;100px&#8220;][section_header use_decoration=&#8220;1&#8243; layout_type=&#8220;section-heading-border-top-bottom&#8220; main_heading=&#8220;Routenbau&#8220; text_align=&#8220;left&#8220;][vc_column_text]Der Routenbau ist eines der wichtigsten Kernelemente im Kletterhallenbetrieb. Ob erstmalige Best\u00fcckung deiner Halle, Routen f\u00fcr komplexe Wettk\u00e4mpfe oder f\u00fcr den allt\u00e4glichen kommerziellen Betrieb, wir k\u00f6nnen dir dank unserer gro\u00dfen Erfahrung in all diesen Bereichen eine optimale Beschraubung garantieren.[\/vc_column_text][\/vc_column][\/vc_row][vc_row expanded=&#8220;1,2&#8243; background_style=&#8220;cover&#8220; background_image=&#8220;10105&#8243;][vc_column width=&#8220;1\/4&#8243;][vc_btn title=&#8220;Erstbest\u00fcckung&#8220; style=&#8220;classic&#8220; shape=&#8220;square&#8220; color=&#8220;inverse&#8220; align=&#8220;left&#8220; button_block=&#8220;true&#8220; link=&#8220;||target:%20_blank|&#8220; css=&#8220;.vc_custom_1531220255595{background-image: url(https:\/\/www.kletterkultur.com\/wp-content\/uploads\/2015\/10\/logo.png?id=9784) !important;}&#8220;][\/vc_column][vc_column width=&#8220;1\/2&#8243;][vc_empty_space height=&#8220;100px&#8220;][\/vc_column][vc_column width=&#8220;1\/4&#8243;][vc_empty_space height=&#8220;100 px&#8220;][vc_gallery interval=&#8220;0&#8243; images=&#8220;10109,10105,10111&#8243; img_size=&#8220;medium&#8220;][\/vc_column][\/vc_row][vc_row][vc_column][vc_tta_accordion active_section=&#8220;1&#8243; title=&#8220;k\u00fcrzliche Erstbest\u00fcckungen&#8220;][vc_tta_section title=&#8220;Griffwerk Ludwigsburg&#8220; tab_id=&#8220;1531230076900-9d75bf3b-8056&#8243;][\/vc_tta_section][vc_tta_section title=&#8220;Roccadion B\u00f6blingen&#8220; tab_id=&#8220;1531230076948-74e1d363-1f06&#8243;][\/vc_tta_section][vc_tta_section title=&#8220;Rox Herrenberg&#8220; tab_id=&#8220;1531230146543-77c9ab28-f63a&#8220;][\/vc_tta_section][vc_tta_section title=&#8220;DAV Neumarkt&#8220; tab_id=&#8220;1531230163291-a1f55f67-7e60&#8243;][\/vc_tta_section][vc_tta_section title=&#8220;UNTERWEGS &#8211; DAV Kletterzentrum Bremen&#8220; tab_id=&#8220;1531230837666-f6c4e1b4-9601&#8243;][\/vc_tta_section][\/vc_tta_accordion][\/vc_column][\/vc_row][vc_row expanded=&#8220;1,2&#8243; background_style=&#8220;cover&#8220; background_image=&#8220;10116&#8243;][vc_column width=&#8220;1\/4&#8243;][vc_empty_space height=&#8220;100 px&#8220;][vc_gallery interval=&#8220;0&#8243; images=&#8220;10101,10102,10104,10110&#8243; img_size=&#8220;medium&#8220;][\/vc_column][vc_column width=&#8220;1\/2&#8243;][vc_empty_space height=&#8220;100px&#8220;][\/vc_column][vc_column width=&#8220;1\/4&#8243;][vc_btn title=&#8220;Wettkampf&#8220; style=&#8220;classic&#8220; shape=&#8220;square&#8220; color=&#8220;inverse&#8220; align=&#8220;left&#8220; button_block=&#8220;true&#8220; link=&#8220;||target:%20_blank|&#8220; css=&#8220;.vc_custom_1531220272764{background-image: url(https:\/\/www.kletterkultur.com\/wp-content\/uploads\/2015\/10\/logo.png?id=9784) !important;}&#8220;][\/vc_column][\/vc_row][vc_row][vc_column][vc_tta_accordion active_section=&#8220;1&#8243; title=&#8220;k\u00fcrzliche Wettk\u00e4mpfe&#8220;][vc_tta_section title=&#8220;European Youth Cup&#8220; tab_id=&#8220;1531230183277-b92634ab-c521&#8243;][\/vc_tta_section][vc_tta_section title=&#8220;Deutsche Meisterschaft&#8220; tab_id=&#8220;1531230183334-374752d3-0784&#8243;][\/vc_tta_section][vc_tta_section title=&#8220;Westdeutsche Meisterschaft&#8220; tab_id=&#8220;1531230237133-72ee0ecb-b4e3&#8243;][\/vc_tta_section][vc_tta_section title=&#8220;Deutsche Meisterschaft Lead&#8220; tab_id=&#8220;1531230291244-030b0199-f3db&#8220;][\/vc_tta_section][vc_tta_section title=&#8220;S\u00e4chsische Meisterschaft&#8220; tab_id=&#8220;1531230335882-51f444fe-23e5&#8243;][\/vc_tta_section][vc_tta_section title=&#8220;Norddeutsche Meisterschaft&#8220; tab_id=&#8220;1531230357168-af0f570f-aa86&#8243;][\/vc_tta_section][vc_tta_section title=&#8220;Skandinavische Meisterschaft Lead&#8220; tab_id=&#8220;1531230971587-a597878f-a645&#8243;][\/vc_tta_section][vc_tta_section title=&#8220;D\u00e4nische Meisterschaft Lead&#8220; tab_id=&#8220;1531230972526-8429d5c3-142e&#8220;][\/vc_tta_section][\/vc_tta_accordion][\/vc_column][\/vc_row][vc_row expanded=&#8220;1,2&#8243; background_style=&#8220;cover&#8220; background_image=&#8220;9871&#8243;][vc_column width=&#8220;1\/4&#8243;][vc_btn title=&#8220;kommerzieller Routenbau&#8220; style=&#8220;classic&#8220; shape=&#8220;square&#8220; color=&#8220;inverse&#8220; align=&#8220;left&#8220; button_block=&#8220;true&#8220; link=&#8220;||target:%20_blank|&#8220; css=&#8220;.vc_custom_1531220294864{background-image: url(https:\/\/www.kletterkultur.com\/wp-content\/uploads\/2015\/10\/logo.png?id=9784) !important;}&#8220;][\/vc_column][vc_column width=&#8220;1\/2&#8243;][vc_empty_space height=&#8220;100px&#8220;][\/vc_column][vc_column width=&#8220;1\/4&#8243;][vc_empty_space height=&#8220;100 px&#8220;][vc_gallery interval=&#8220;0&#8243; images=&#8220;9635,9864,9865,9866&#8243; img_size=&#8220;medium&#8220;][\/vc_column][\/vc_row][\/vc_section]<\/p>\n<\/div>","protected":false},"excerpt":{"rendered":"<p>[vc_section][vc_row][vc_column][vc_empty_space height=&#8220;150 px&#8220;][section_header use_decoration=&#8220;1&#8243; layout_type=&#8220;section-heading-point-bottom&#8220; main_heading=&#8220;Referenzen&#8220;][vc_empty_space][section_header use_decoration=&#8220;1&#8243; layout_type=&#8220;section-heading-border-top-bottom&#8220; main_heading=&#8220;Wand- &amp; Mattenbau&#8220; text_align=&#8220;left&#8220;][vc_column_text]Keine Boulderhalle ist gleich, und doch finden wir mit dir zusammen ein passendes Wand- &amp; Mattenkonzept. Wir garantieren dir mit unserem Kooperationspartner, der Blocz GmbH aus Chemnitz einen nachhaltigen, qualitativ hochwertigen und ma\u00dfgeschneiderten Hallenausbau.[\/vc_column_text][\/vc_column][\/vc_row][vc_row][vc_column][vc_empty_space height=&#8220;100px&#8220;][\/vc_column][\/vc_row][vc_row expanded=&#8220;1,2&#8243; background_style=&#8220;cover&#8220; background_image=&#8220;10034&#8243;][vc_column width=&#8220;1\/4&#8243;][vc_btn title=&#8220;Mandala Boulderhalle Dresden&#8220; style=&#8220;classic&#8220; shape=&#8220;square&#8220;&hellip;<\/p>\n","protected":false},"author":1,"featured_media":0,"parent":0,"menu_order":0,"comment_status":"closed","ping_status":"closed","template":"","meta":[],"_links":{"self":[{"href":"https:\/\/www.kletterkultur.com\/index.php?rest_route=\/wp\/v2\/pages\/10032"}],"collection":[{"href":"https:\/\/www.kletterkultur.com\/index.php?rest_route=\/wp\/v2\/pages"}],"about":[{"href":"https:\/\/www.kletterkultur.com\/index.php?rest_route=\/wp\/v2\/types\/page"}],"author":[{"embeddable":true,"href":"https:\/\/www.kletterkultur.com\/index.php?rest_route=\/wp\/v2\/users\/1"}],"replies":[{"embeddable":true,"href":"https:\/\/www.kletterkultur.com\/index.php?rest_route=%2Fwp%2Fv2%2Fcomments&post=10032"}],"version-history":[{"count":0,"href":"https:\/\/www.kletterkultur.com\/index.php?rest_route=\/wp\/v2\/pages\/10032\/revisions"}],"wp:attachment":[{"href":"https:\/\/www.kletterkultur.com\/index.php?rest_route=%2Fwp%2Fv2%2Fmedia&parent=10032"}],"curies":[{"name":"wp","href":"https:\/\/api.w.org\/{rel}","templated":true}]}}