{"id":103,"date":"2015-10-14T13:05:34","date_gmt":"2015-10-14T11:05:34","guid":{"rendered":"http:\/\/kletterkultur.com\/?page_id=103"},"modified":"2026-02-23T08:16:12","modified_gmt":"2026-02-23T07:16:12","slug":"about-us","status":"publish","type":"page","link":"https:\/\/www.kletterkultur.com\/?page_id=103","title":{"rendered":"\u00dcber uns"},"content":{"rendered":"<div class=\"wpb-content-wrapper\"><p>[vc_row expanded=&#8220;1,2&#8243; background_style=&#8220;cover&#8220;][vc_column width=&#8220;1\/4&#8243;][\/vc_column][vc_column width=&#8220;1\/2&#8243; css=&#8220;.vc_custom_1497349835191{margin-top: 250px !important;margin-bottom: 150px !important;padding-top: 50px !important;padding-right: 50px !important;padding-bottom: 50px !important;padding-left: 50px !important;background-color: #ffffff !important;}&#8220;][section_header use_decoration=&#8220;1&#8243; layout_type=&#8220;section-heading-point-bottom&#8220; main_heading=&#8220;\u00dcber Uns&#8220; font_size=&#8220;xlarge&#8220; separator_color=&#8220;#dd3333&#8243;][\/vc_column][vc_column width=&#8220;1\/4&#8243;][\/vc_column][\/vc_row][vc_row css=&#8220;.vc_custom_1478556445097{padding-top: 60px !important;padding-bottom: 60px !important;}&#8220;][vc_column width=&#8220;1\/2&#8243;][vc_column_text css_animation=&#8220;none&#8220;]Klettern ist f\u00fcr uns viel mehr als eine Traditionssportart, der wir mit viel Spa\u00df und Freude nachgehen. Klettern ist unsere innere Haltung, unsere Konstante im Leben, unsere Kultur: Wir lieben es, gemeinsam \u00fcber uns hinauszuwachsen und Hindernisse zu bezwingen. Mit Klettern verbinden wir das Gef\u00fchl, aufeinander zu vertrauen, den Menschen n\u00e4her zu kommen und Erfolge als Team zu feiern.[\/vc_column_text][\/vc_column][vc_column width=&#8220;1\/2&#8243;][vc_column_text]Wir m\u00f6chten euch einen Teil unserer Kletterkultur weitergeben, etwas Best\u00e4ndiges und Nachhaltiges, und so haben wir uns in den Vertrieb und in die Produktion von Kletterstrukturen gest\u00fcrzt. Das hei\u00dft, wir liefern euch die Griffe und Volumen passend zu euren Boulder- und Kletteranlage. Wir bauen daraus spannende Routen f\u00fcr den Alltag in eurer Halle oder f\u00fcr den n\u00e4chsten Wettkampf und auf Wunsch beraten wir euch umfassend zum Thema Bouldern und Klettern.[\/vc_column_text][\/vc_column][\/vc_row][vc_row background_style=&#8220;cover&#8220; css=&#8220;.vc_custom_1411636133184{padding-top: 60px !important;padding-bottom: 60px !important;}&#8220;][vc_column][vc_single_image image=&#8220;10622&#8243; img_size=&#8220;large&#8220; alignment=&#8220;center&#8220;][section_header use_decoration=&#8220;1&#8243; layout_type=&#8220;section-heading-colorblock&#8220; main_heading=&#8220;Werde Teil von unserem Team!&#8220; font_size=&#8220;exsmall&#8220; color=&#8220;#ffffff&#8220; separator_color=&#8220;#dd3333&#8243;][vc_btn title=&#8220;Zu unseren Stellenausschreibungen&#8220; align=&#8220;center&#8220; link=&#8220;url:https%3A%2F%2Fwww.kletterkultur.com%2Fwp-content%2Fuploads%2F2026%2F02%2FVertriebsmitarbeiter-Innendienst-1.pdf&#8220;][\/vc_column][\/vc_row][vc_row css=&#8220;.vc_custom_1478556458368{padding-top: 60px !important;padding-bottom: 60px !important;}&#8220;][vc_column][\/vc_column][vc_column width=&#8220;1\/4&#8243;][section_header use_decoration=&#8220;1&#8243; layout_type=&#8220;section-heading-border-top-bottom&#8220; main_heading=&#8220;Vertriebspartner&#8220; font_size=&#8220;large&#8220; color=&#8220;#222222&#8243; separator_color=&#8220;#222222&#8243;][\/vc_column][vc_column width=&#8220;1\/2&#8243;][\/vc_column][vc_column width=&#8220;1\/4&#8243;][\/vc_column][\/vc_row][vc_row gap=&#8220;30&#8243; equal_height=&#8220;yes&#8220; content_placement=&#8220;middle&#8220; background_style=&#8220;cover&#8220; css=&#8220;.vc_custom_1497361521275{margin-bottom: 0px !important;}&#8220; el_class=&#8220;dt-iconbox-border&#8220;][vc_column width=&#8220;1\/3&#8243; css=&#8220;.vc_custom_1497361231464{padding-top: 35px !important;padding-right: 35px !important;padding-bottom: 35px !important;padding-left: 35px !important;}&#8220;][vc_single_image image=&#8220;9623&#8243; img_size=&#8220;&#8220; alignment=&#8220;center&#8220; onclick=&#8220;custom_link&#8220; link=&#8220;https:\/\/climbing-culture.com\/de\/Marken\/360Holds\/&#8220; el_class=&#8220;kk-logo&#8220;][\/vc_column][vc_column width=&#8220;1\/3&#8243;][vc_single_image image=&#8220;9897&#8243; img_size=&#8220;&#8220; alignment=&#8220;center&#8220; onclick=&#8220;custom_link&#8220; link=&#8220;https:\/\/climbing-culture.com\/de\/Marken\/Kilter\/&#8220; el_class=&#8220;kk-logo&#8220;][\/vc_column][vc_column width=&#8220;1\/3&#8243;][vc_single_image image=&#8220;9625&#8243; img_size=&#8220;medium&#8220; alignment=&#8220;center&#8220; onclick=&#8220;custom_link&#8220; link=&#8220;https:\/\/climbing-culture.com\/de\/Marken\/blocz\/&#8220; el_class=&#8220;kk-logo&#8220;][\/vc_column][\/vc_row][vc_row gap=&#8220;30&#8243; equal_height=&#8220;yes&#8220; content_placement=&#8220;middle&#8220; background_style=&#8220;cover&#8220; css=&#8220;.vc_custom_1497361710894{margin-bottom: 50px !important;}&#8220; el_class=&#8220;dt-iconbox-border&#8220;][vc_column width=&#8220;1\/3&#8243; css=&#8220;.vc_custom_1497361330892{padding-top: 35px !important;padding-right: 35px !important;padding-bottom: 35px !important;padding-left: 35px !important;border-radius: 3px !important;}&#8220;][vc_single_image image=&#8220;9619&#8243; img_size=&#8220;&#8220; alignment=&#8220;right&#8220; onclick=&#8220;custom_link&#8220; link=&#8220;https:\/\/climbing-culture.com\/de\/Marken\/bluepill\/&#8220; el_class=&#8220;kk-logo&#8220;][\/vc_column][vc_column width=&#8220;1\/3&#8243; css=&#8220;.vc_custom_1497361361245{padding-top: 35px !important;padding-right: 35px !important;padding-bottom: 35px !important;padding-left: 35px !important;}&#8220;][vc_single_image image=&#8220;10613&#8243; img_size=&#8220;&#8220; alignment=&#8220;center&#8220; onclick=&#8220;custom_link&#8220; link=&#8220;https:\/\/climbing-culture.com\/de\/Marken\/Chapter-Climbing\/&#8220; el_class=&#8220;kk-logo&#8220;][\/vc_column][vc_column width=&#8220;1\/3&#8243; css=&#8220;.vc_custom_1497361393958{padding-top: 35px !important;padding-right: 35px !important;padding-bottom: 35px !important;padding-left: 35px !important;}&#8220;][vc_single_image image=&#8220;10625&#8243; img_size=&#8220;&#8220; alignment=&#8220;right&#8220; onclick=&#8220;custom_link&#8220; link=&#8220;https:\/\/climbing-culture.com\/de\/Marken\/Community-Climbing-Equipment\/&#8220; el_class=&#8220;kk-logo&#8220;][\/vc_column][\/vc_row][vc_row][vc_column width=&#8220;1\/3&#8243;][vc_single_image image=&#8220;9624&#8243; img_size=&#8220;&#8220; alignment=&#8220;center&#8220; onclick=&#8220;custom_link&#8220; link=&#8220;https:\/\/climbing-culture.com\/de\/Marken\/Agripp\/&#8220; el_class=&#8220;kk-logo&#8220;][\/vc_column][vc_column width=&#8220;1\/3&#8243;][vc_single_image image=&#8220;10152&#8243; alignment=&#8220;center&#8220; onclick=&#8220;custom_link&#8220; img_link_target=&#8220;_blank&#8220; link=&#8220;https:\/\/climbing-culture.com\/de\/Marken\/Unit-Holds\/&#8220;][\/vc_column][vc_column width=&#8220;1\/3&#8243;][vc_single_image image=&#8220;10563&#8243; img_size=&#8220;&#8220; alignment=&#8220;center&#8220; onclick=&#8220;custom_link&#8220; link=&#8220;https:\/\/climbing-culture.com\/de\/Marken\/Working-Class\/&#8220; el_class=&#8220;kk-logo&#8220;][\/vc_column][\/vc_row][vc_row gap=&#8220;30&#8243; equal_height=&#8220;yes&#8220; content_placement=&#8220;middle&#8220; background_style=&#8220;cover&#8220; css=&#8220;.vc_custom_1497361710894{margin-bottom: 50px !important;}&#8220; el_class=&#8220;dt-iconbox-border&#8220;][vc_column width=&#8220;1\/3&#8243; css=&#8220;.vc_custom_1497361330892{padding-top: 35px !important;padding-right: 35px !important;padding-bottom: 35px !important;padding-left: 35px !important;border-radius: 3px !important;}&#8220;][vc_single_image image=&#8220;9943&#8243; img_size=&#8220;&#8220; alignment=&#8220;center&#8220; onclick=&#8220;custom_link&#8220; link=&#8220;https:\/\/climbing-culture.com\/de\/Marken\/Kingdom-Climbing\/&#8220; el_class=&#8220;kk-logo&#8220;][\/vc_column][\/vc_row]<\/p>\n<\/div>","protected":false},"excerpt":{"rendered":"<p>[vc_row expanded=&#8220;1,2&#8243; background_style=&#8220;cover&#8220;][vc_column width=&#8220;1\/4&#8243;][\/vc_column][vc_column width=&#8220;1\/2&#8243; css=&#8220;.vc_custom_1497349835191{margin-top: 250px !important;margin-bottom: 150px !important;padding-top: 50px !important;padding-right: 50px !important;padding-bottom: 50px !important;padding-left: 50px !important;background-color: #ffffff !important;}&#8220;][section_header use_decoration=&#8220;1&#8243; layout_type=&#8220;section-heading-point-bottom&#8220; main_heading=&#8220;\u00dcber Uns&#8220; font_size=&#8220;xlarge&#8220; separator_color=&#8220;#dd3333&#8243;][\/vc_column][vc_column width=&#8220;1\/4&#8243;][\/vc_column][\/vc_row][vc_row css=&#8220;.vc_custom_1478556445097{padding-top: 60px !important;padding-bottom: 60px !important;}&#8220;][vc_column width=&#8220;1\/2&#8243;][vc_column_text css_animation=&#8220;none&#8220;]Klettern ist f\u00fcr uns viel mehr als eine Traditionssportart, der wir mit viel Spa\u00df und Freude nachgehen. Klettern ist unsere innere Haltung,&hellip;<\/p>\n","protected":false},"author":1,"featured_media":0,"parent":0,"menu_order":0,"comment_status":"closed","ping_status":"closed","template":"fullwidth.php","meta":[],"_links":{"self":[{"href":"https:\/\/www.kletterkultur.com\/index.php?rest_route=\/wp\/v2\/pages\/103"}],"collection":[{"href":"https:\/\/www.kletterkultur.com\/index.php?rest_route=\/wp\/v2\/pages"}],"about":[{"href":"https:\/\/www.kletterkultur.com\/index.php?rest_route=\/wp\/v2\/types\/page"}],"author":[{"embeddable":true,"href":"https:\/\/www.kletterkultur.com\/index.php?rest_route=\/wp\/v2\/users\/1"}],"replies":[{"embeddable":true,"href":"https:\/\/www.kletterkultur.com\/index.php?rest_route=%2Fwp%2Fv2%2Fcomments&post=103"}],"version-history":[{"count":8,"href":"https:\/\/www.kletterkultur.com\/index.php?rest_route=\/wp\/v2\/pages\/103\/revisions"}],"predecessor-version":[{"id":11290,"href":"https:\/\/www.kletterkultur.com\/index.php?rest_route=\/wp\/v2\/pages\/103\/revisions\/11290"}],"wp:attachment":[{"href":"https:\/\/www.kletterkultur.com\/index.php?rest_route=%2Fwp%2Fv2%2Fmedia&parent=103"}],"curies":[{"name":"wp","href":"https:\/\/api.w.org\/{rel}","templated":true}]}}