{"id":10668,"date":"2022-04-21T15:01:10","date_gmt":"2022-04-21T13:01:10","guid":{"rendered":"https:\/\/www.kletterkultur.com\/?page_id=10668"},"modified":"2025-03-05T15:21:59","modified_gmt":"2025-03-05T14:21:59","slug":"hold-together","status":"publish","type":"page","link":"https:\/\/www.kletterkultur.com\/?page_id=10668","title":{"rendered":"Hold Together 2025"},"content":{"rendered":"<div class=\"wpb-content-wrapper\"><p>[vc_row][vc_column][vc_empty_space height=&#8220;150&#8243;][\/vc_column][vc_column][vc_single_image image=&#8220;11265&#8243; img_size=&#8220;full&#8220; alignment=&#8220;center&#8220;][\/vc_column][\/vc_row][vc_row][vc_column][vc_column_text]<\/p>\n<h2 style=\"text-align: center;\"><span style=\"color: #c62527;\"><strong><span class=\"ui-provider a b c d e f g h i j k l m n o p q r s t u v w x y z ab ac ae af ag ah ai aj ak\" dir=\"ltr\">Hold Together 2025<\/span><\/strong><\/span><\/h2>\n<p>2024 haben wir es mit den Route Setter Games geschafft, das Hold Together mit einem ganz besonderen Highlight zu kr\u00f6nen. Routesetter:innen aus der ganzen Welt sind nach M\u00fcnchen gekommen, um sich dort miteinander zu messen. Dabei wurden mit ganz besonderen Griffsets, Macros und Volumen ausgefallener Optik geniale Boulder nach Vorgaben kniffeliger Aufgaben gebaut. Jeder Boulder hatte ein ganz spezielles Motto, und am Ende wart ihr die beste Fachjury und habt entschieden, wer der:die erste Gewinner:in der Route Setter Games wurde.<\/p>\n<p><strong>HOLD TOGETHER \u2013 DIE KLETTERKULT(O)UR GEHT AUF SETTING TOUR<\/strong><\/p>\n<p>Nach all diesen unvergesslichen Momenten standen wir vor der Frage, wie wir das Hold Together auch 2025 wieder zu etwas Besonderem machen k\u00f6nnen.<br \/>\nDa unsere Leidenschaft und Kernkompetenz der Routenbau ist und unser Herz daf\u00fcr schl\u00e4gt, haben wir beschlossen, uns 2025 vollkommen darauf zu fokussieren. Unser Wunsch ist es daher, einen m\u00f6glichst interaktiven Austausch zwischen Routenbauer:innen zu schaffen, bei dem aktiv Boulder gebaut werden, diskutiert, gelernt und nat\u00fcrlich ganz viel geklettert wird.<\/p>\n<p>Mit der Hold Together Setting Tour wollen wir 2025 einen neuen Schritt gehen.<br \/>\nDu bist Routesetter:in und hast Lust, dich mit Gleichgesinnten auszutauschen, gemeinsam Boulder zu bauen und dabei Neues zu lernen, w\u00e4hrend du die besten Griffe, Macros und Volumen hautnah testen kannst? Dann bist du bei der Hold Together Setting Tour genau richtig![\/vc_column_text][vc_column_text]<\/p>\n<h2 style=\"text-align: center;\"><span style=\"color: #c62527;\"><strong><span class=\"ui-provider a b c d e f g h i j k l m n o p q r s t u v w x y z ab ac ae af ag ah ai aj ak\" dir=\"ltr\">Hold Together 2025<\/span><\/strong><\/span><\/h2>\n<p>For the past three years we have enjoyed organising Hold Together. Our speakers didn&#8217;t just give presentations, they passionately discussed with you various aspects of hall management, route construction and marketing so that we could all learn and grow together as an industry. In between the workshops and panel discussions, we also had the opportunity to share ideas and experiences with each other. After all, when else do you get the chance to talk to so many like-minded people in the same room? It was not just about listening, it was about participating &#8211; attendees had the opportunity to try out the latest holds, volumes and macros from our brands live, and of course there was no shortage of bouldering.<\/p>\n<p style=\"text-align: left;\"><strong>HOLD TOGETHER \u2013 DIE KLETTERKULT(O)UR GEHT AUF SETTING TOUR<\/strong><\/p>\n<p>In 2024 we managed to crown the Hold Together with a very special highlight: the Route Setter Games. Route setters from all over the world came to Munich to compete against each other. Ingenious boulders with very special holds, macros and unusual visuals were built according to the specifications of the tricky tasks. Each boulder had a special motto and in the end you were the best expert jury and decided who was the first winner of the Route Setter Games.<br \/>\nAfter all these unforgettable moments, we were faced with the question of how to make the Hold Together 2025 something special again.<br \/>\nAs route setting is our passion, our core competency and our heart, we decided to focus on it in 2025. Our aim is to create the most interactive exchange possible between route setters, where boulders are actively built, discussed, learnt and, of course, climbed.<br \/>\nWith the Hold Together Setting Tour we want to take a new step in 2025.<br \/>\nAre you a route setter who wants to share ideas with like-minded people, build boulders together, learn new things and test the best holds, macros and volumes up close? Then the Hold Together Setting Tour is for you![\/vc_column_text][vc_separator color=&#8220;custom&#8220; accent_color=&#8220;#c62527&#8243;][\/vc_column][\/vc_row][vc_row][vc_column width=&#8220;2\/3&#8243;][vc_column_text]<span style=\"color: #c62527;\"><strong>SO NIMMST DU TEIL:<\/strong><\/span><\/p>\n<p>F\u00fcr die Hold Together Setting Tour 2025 laden wir pro Termin insgesamt 20 exklusive Teilnehmer:innen ein \u2013 und du hast zwei Chancen, dabei zu sein:<\/p>\n<p><strong>Das Goldene Ticket:<\/strong><\/p>\n<p>15 ausgew\u00e4hlte Routenbauer:innen erhalten ein Goldenes Ticket und damit ihre pers\u00f6nliche Einladung direkt per Mail.<\/p>\n<p>&nbsp;<\/p>\n<p><strong>Wildcard-Chance:<\/strong><\/p>\n<p>F\u00fcr f\u00fcnf zus\u00e4tzliche Pl\u00e4tze kannst du dich \u00fcber eine Wildcard qualifizieren! Die Bewerbung funktionierte \u00fcber die Losbox auf der Vertical Pro und <strong>jetzt noch<\/strong> \u00fcber die Ausschreibung auf Instagram.<\/p>\n<p>&nbsp;<\/p>\n<p><strong>Locations<\/strong><\/p>\n<p>22.02. Element Boulders, K\u00f6ln<\/p>\n<p>15.03. Boulderbar, Linz<\/p>\n<p>22.03. Kraftreaktor, Aarau<\/p>\n<p>&#8230;weitere Termine folgen![\/vc_column_text][vc_column_text]<span style=\"color: #c62527;\"><strong>HOW TO GET INVOLVED:<\/strong><\/span><\/p>\n<p>&nbsp;<\/p>\n<p>The Hold Together Setting Tour 2025 will invite a total of 20 exclusive attendees per date &#8211; and you have two chances to be there:<\/p>\n<p><strong>The Golden Ticket:<\/strong><\/p>\n<p>15 selected route builders will receive a Golden Ticket and their personal invitation directly by email.<\/p>\n<p><strong>Wildcard opportunity:<\/strong><\/p>\n<p>You can qualify for five extra places via a wildcard! The application worked via the lottery box at the Vertical Pro and now also via the announcement on Instagram.<\/p>\n<p>Venues<br \/>\n22.02. Element Boulders, Cologne<\/p>\n<p>15.03. Boulderbar, Linz<\/p>\n<p>22.03. Kraftreaktor, Aarau<\/p>\n<p>&#8230;more dates to follow![\/vc_column_text][\/vc_column][vc_column width=&#8220;1\/3&#8243;][vc_single_image image=&#8220;11250&#8243; img_size=&#8220;large&#8220;][\/vc_column][\/vc_row][vc_row][vc_column][vc_single_image image=&#8220;11251&#8243; img_size=&#8220;full&#8220; alignment=&#8220;center&#8220; onclick=&#8220;zoom&#8220; css_animation=&#8220;appear&#8220;][vc_separator color=&#8220;custom&#8220; accent_color=&#8220;#c62527&#8243;][\/vc_column][\/vc_row]<\/p>\n<\/div>","protected":false},"excerpt":{"rendered":"<p>[vc_row][vc_column][vc_empty_space height=&#8220;150&#8243;][\/vc_column][vc_column][vc_single_image image=&#8220;11265&#8243; img_size=&#8220;full&#8220; alignment=&#8220;center&#8220;][\/vc_column][\/vc_row][vc_row][vc_column][vc_column_text] Hold Together 2025 2024 haben wir es mit den Route Setter Games geschafft, das Hold Together mit einem ganz besonderen Highlight zu kr\u00f6nen. Routesetter:innen aus der ganzen Welt sind nach M\u00fcnchen gekommen, um sich dort miteinander zu messen. Dabei wurden mit ganz besonderen Griffsets, Macros und Volumen ausgefallener Optik geniale&hellip;<\/p>\n","protected":false},"author":1,"featured_media":0,"parent":0,"menu_order":0,"comment_status":"closed","ping_status":"closed","template":"","meta":[],"_links":{"self":[{"href":"https:\/\/www.kletterkultur.com\/index.php?rest_route=\/wp\/v2\/pages\/10668"}],"collection":[{"href":"https:\/\/www.kletterkultur.com\/index.php?rest_route=\/wp\/v2\/pages"}],"about":[{"href":"https:\/\/www.kletterkultur.com\/index.php?rest_route=\/wp\/v2\/types\/page"}],"author":[{"embeddable":true,"href":"https:\/\/www.kletterkultur.com\/index.php?rest_route=\/wp\/v2\/users\/1"}],"replies":[{"embeddable":true,"href":"https:\/\/www.kletterkultur.com\/index.php?rest_route=%2Fwp%2Fv2%2Fcomments&post=10668"}],"version-history":[{"count":169,"href":"https:\/\/www.kletterkultur.com\/index.php?rest_route=\/wp\/v2\/pages\/10668\/revisions"}],"predecessor-version":[{"id":10846,"href":"https:\/\/www.kletterkultur.com\/index.php?rest_route=\/wp\/v2\/pages\/10668\/revisions\/10846"}],"wp:attachment":[{"href":"https:\/\/www.kletterkultur.com\/index.php?rest_route=%2Fwp%2Fv2%2Fmedia&parent=10668"}],"curies":[{"name":"wp","href":"https:\/\/api.w.org\/{rel}","templated":true}]}}