{"id":109,"date":"2015-10-14T13:06:11","date_gmt":"2015-10-14T11:06:11","guid":{"rendered":"http:\/\/kletterkultur.com\/?page_id=109"},"modified":"2021-04-08T14:13:40","modified_gmt":"2021-04-08T12:13:40","slug":"contact-us","status":"publish","type":"page","link":"https:\/\/www.kletterkultur.com\/?page_id=109","title":{"rendered":"Kontakt"},"content":{"rendered":"<div class=\"wpb-content-wrapper\"><p>[vc_row css=&#8220;.vc_custom_1445120124704{margin-top: 100px !important;}&#8220;][vc_column][section_header use_decoration=&#8220;1&#8243; layout_type=&#8220;section-heading-point-bottom&#8220; main_heading=&#8220;Kontakt&#8220; font_size=&#8220;xlarge&#8220; separator_color=&#8220;#dd3333&#8243; css=&#8220;.vc_custom_1530789784470{margin-top: 150px !important;margin-bottom: 75px !important;}&#8220;][\/vc_column][\/vc_row][vc_row][vc_column width=&#8220;1\/2&#8243;][vc_column_text]<\/p>\n<p style=\"text-align: left;\"><strong>Adresse<\/strong><\/p>\n<p style=\"text-align: left;\">KLETTERKULTUR GmbH<br \/>\nSaydaer Stra\u00dfe 21e<br \/>\n09125 Chemnitz<\/p>\n<p style=\"text-align: left;\"><strong>Kontaktdaten<\/strong><\/p>\n<p>Tel. +49 (0) 371 836526 &#8211; 00<\/p>\n<p style=\"text-align: left;\">Mail: info@kletterkultur.com<\/p>\n<p>[\/vc_column_text][\/vc_column][vc_column width=&#8220;1\/2&#8243;]\n<div class=\"wpcf7 no-js\" id=\"wpcf7-f90-o1\" lang=\"de-DE\" dir=\"ltr\">\n<div class=\"screen-reader-response\"><p role=\"status\" aria-live=\"polite\" aria-atomic=\"true\"><\/p> <ul><\/ul><\/div>\n<form action=\"\/index.php?rest_route=%2Fwp%2Fv2%2Fpages%2F109#wpcf7-f90-o1\" method=\"post\" class=\"wpcf7-form init\" aria-label=\"Kontaktformular\" novalidate=\"novalidate\" data-status=\"init\">\n<div style=\"display: none;\">\n<input type=\"hidden\" name=\"_wpcf7\" value=\"90\" \/>\n<input type=\"hidden\" name=\"_wpcf7_version\" value=\"5.8.7\" \/>\n<input type=\"hidden\" name=\"_wpcf7_locale\" value=\"de_DE\" \/>\n<input type=\"hidden\" name=\"_wpcf7_unit_tag\" value=\"wpcf7-f90-o1\" \/>\n<input type=\"hidden\" name=\"_wpcf7_container_post\" value=\"0\" \/>\n<input type=\"hidden\" name=\"_wpcf7_posted_data_hash\" value=\"\" \/>\n<\/div>\n<p>Ihr Name (Pflichtfeld)\n<\/p>\n<p><span class=\"wpcf7-form-control-wrap\" data-name=\"your-name\"><input size=\"40\" class=\"wpcf7-form-control wpcf7-text wpcf7-validates-as-required\" aria-required=\"true\" aria-invalid=\"false\" value=\"\" type=\"text\" name=\"your-name\" \/><\/span>\n<\/p>\n<p>Ihre E-Mail-Adresse (Pflichtfeld)\n<\/p>\n<p><span class=\"wpcf7-form-control-wrap\" data-name=\"your-email\"><input size=\"40\" class=\"wpcf7-form-control wpcf7-email wpcf7-validates-as-required wpcf7-text wpcf7-validates-as-email\" aria-required=\"true\" aria-invalid=\"false\" value=\"\" type=\"email\" name=\"your-email\" \/><\/span>\n<\/p>\n<p>Betreff\n<\/p>\n<p><span class=\"wpcf7-form-control-wrap\" data-name=\"your-subject\"><input size=\"40\" class=\"wpcf7-form-control wpcf7-text wpcf7-validates-as-required\" aria-required=\"true\" aria-invalid=\"false\" value=\"\" type=\"text\" name=\"your-subject\" \/><\/span>\n<\/p>\n<p>Ihre Nachricht\n<\/p>\n<p><span class=\"wpcf7-form-control-wrap\" data-name=\"your-message\"><textarea cols=\"40\" rows=\"10\" class=\"wpcf7-form-control wpcf7-textarea\" aria-invalid=\"false\" name=\"your-message\"><\/textarea><\/span>\n<\/p>\n<p><span class=\"wpcf7-form-control-wrap\" data-name=\"acceptance-457\"><span class=\"wpcf7-form-control wpcf7-acceptance\"><span class=\"wpcf7-list-item\"><input type=\"checkbox\" name=\"acceptance-457\" value=\"1\" aria-invalid=\"false\" \/><\/span><\/span><\/span><br \/>\nJa, ich habe die Datenschutzerkl\u00e4rung zur Kenntnis genommen und bin damit einverstanden, dass die von mir angegebenen Daten elektronisch erhoben und gespeichert werden. Meine Daten werden dabei nur streng zweckgebunden zur Bearbeitung und Beantwortung meiner Anfrage benutzt. Mit dem Absenden des Kontaktformulars erkl\u00e4re ich mich mit der Verarbeitung einverstanden. Die Daten\u00fcbertragung erfolgt verschl\u00fcsselt.\n<\/p>\n<p><input class=\"wpcf7-form-control wpcf7-submit has-spinner\" type=\"submit\" value=\"Senden\" \/>\n<\/p><div class=\"wpcf7-response-output\" aria-hidden=\"true\"><\/div>\n<\/form>\n<\/div>\n[\/vc_column][\/vc_row]<\/p>\n<\/div>","protected":false},"excerpt":{"rendered":"<p>[vc_row css=&#8220;.vc_custom_1445120124704{margin-top: 100px !important;}&#8220;][vc_column][section_header use_decoration=&#8220;1&#8243; layout_type=&#8220;section-heading-point-bottom&#8220; main_heading=&#8220;Kontakt&#8220; font_size=&#8220;xlarge&#8220; separator_color=&#8220;#dd3333&#8243; css=&#8220;.vc_custom_1530789784470{margin-top: 150px !important;margin-bottom: 75px !important;}&#8220;][\/vc_column][\/vc_row][vc_row][vc_column width=&#8220;1\/2&#8243;][vc_column_text] Adresse KLETTERKULTUR GmbH Saydaer Stra\u00dfe 21e 09125 Chemnitz Kontaktdaten Tel. +49 (0) 371 836526 &#8211; 00 Mail: info@kletterkultur.com [\/vc_column_text][\/vc_column][vc_column width=&#8220;1\/2&#8243;][\/vc_column][\/vc_row]<\/p>\n","protected":false},"author":1,"featured_media":0,"parent":0,"menu_order":0,"comment_status":"closed","ping_status":"closed","template":"","meta":[],"_links":{"self":[{"href":"https:\/\/www.kletterkultur.com\/index.php?rest_route=\/wp\/v2\/pages\/109"}],"collection":[{"href":"https:\/\/www.kletterkultur.com\/index.php?rest_route=\/wp\/v2\/pages"}],"about":[{"href":"https:\/\/www.kletterkultur.com\/index.php?rest_route=\/wp\/v2\/types\/page"}],"author":[{"embeddable":true,"href":"https:\/\/www.kletterkultur.com\/index.php?rest_route=\/wp\/v2\/users\/1"}],"replies":[{"embeddable":true,"href":"https:\/\/www.kletterkultur.com\/index.php?rest_route=%2Fwp%2Fv2%2Fcomments&post=109"}],"version-history":[{"count":0,"href":"https:\/\/www.kletterkultur.com\/index.php?rest_route=\/wp\/v2\/pages\/109\/revisions"}],"wp:attachment":[{"href":"https:\/\/www.kletterkultur.com\/index.php?rest_route=%2Fwp%2Fv2%2Fmedia&parent=109"}],"curies":[{"name":"wp","href":"https:\/\/api.w.org\/{rel}","templated":true}]}}