{"id":376,"date":"2015-10-18T13:32:39","date_gmt":"2015-10-18T11:32:39","guid":{"rendered":"http:\/\/kletterkultur.com\/?page_id=376"},"modified":"2023-06-07T09:28:25","modified_gmt":"2023-06-07T07:28:25","slug":"haftungsausschluss","status":"publish","type":"page","link":"https:\/\/www.kletterkultur.com\/?page_id=376","title":{"rendered":"Haftungsausschluss"},"content":{"rendered":"<div class=\"wpb-content-wrapper\"><p>[vc_row][vc_column css=&#8220;.vc_custom_1445168024377{margin-top: 100px !important;}&#8220;][section_header use_decoration=&#8220;1&#8243; layout_type=&#8220;section-heading-point-bottom&#8220; main_heading=&#8220;Haftungsschlu\u00df&#8220; font_size=&#8220;xlarge&#8220; separator_color=&#8220;#dd3333&#8243; css=&#8220;.vc_custom_1497365533476{margin-top: 150px !important;margin-bottom: 75px !important;}&#8220;][vc_column_text]<\/p>\n<ol>\n<li style=\"text-align: justify;\"><strong>Inhalt des Onlineangebots<\/strong><br \/>\nDer Autor KLETTERKULTUR \u00fcbernimmt keinerlei Gew\u00e4hr f\u00fcr die Aktualit\u00e4t, Korrektheit, Vollst\u00e4ndigkeit oder Qualit\u00e4t der bereitgestellten Informationen. Haftungsanspr\u00fcche gegen KLETTERKULTUR, die sich auf Sch\u00e4den materieller oder ideeller Art beziehen, welche durch die Nutzung oder Nichtnutzung der dargebotenen Informationen bzw. durch die Nutzung fehlerhafter und unvollst\u00e4ndiger Informationen verursacht wurden sind grunds\u00e4tzlich ausgeschlossen, sofern seitens von KLETTERKULTUR kein nachweislich vors\u00e4tzliches oder grob fahrl\u00e4ssiges Verschulden vorliegt. Alle Angebote sind freibleibend und unverbindlich. KLETTERKULTUR beh\u00e4lt es sich ausdr\u00fccklich vor, Teile der Seiten oder das gesamte Angebot ohne gesonderte Ank\u00fcndigung zu ver\u00e4ndern, zu erg\u00e4nzen, zu l\u00f6schen oder die Ver\u00f6ffentlichung zeitweise oder endg\u00fcltig einzustellen.<\/li>\n<li style=\"text-align: justify;\"><strong>Verweise und Links<\/strong><br \/>\nKLETTERKULTUR stellt in einem speziellen Bereich Links zu Fremdangeboten zur Verf\u00fcgung. F\u00fcr Inhalte und insbesondere f\u00fcr Sch\u00e4den, die aus der Nutzung oder Nichtnutzung solcherart dargebotener Informationen entstehen, haftet allein der Anbieter dieser Seiten. KLETTERKULTUR \u00fcberpr\u00fcft Seiten lediglich zum Zeitpunkt der Linksetzung. Alle sp\u00e4teren Ver\u00e4nderungen unterliegen der Verantwortung des Anbieters.<\/li>\n<li style=\"text-align: justify;\"><strong>Rechtswirksamkeit dieses Haftungsausschlusses<\/strong><br \/>\nDieser Haftungsausschluss ist als Teil des Internetangebotes zu betrachten, von dem aus auf diese Seite verwiesen wurde. Sofern Teile oder einzelne Formulierungen dieses Textes der geltenden Rechtslage nicht, nicht mehr oder nicht vollst\u00e4ndig entsprechen sollten, bleiben die \u00fcbrigen Teile des Dokumentes in ihrem Inhalt und ihrer G\u00fcltigkeit davon unber\u00fchrt.<\/li>\n<\/ol>\n<p style=\"text-align: justify;\">Urheberrecht \u2028\u2028Copyright 2015 KLETTERKULTUR. Alle Rechte vorbehalten. Bilder, Graphiken, Texte, Ton-, Video- und Animationsdateien dieser Webseite unterliegen dem Urheberrecht bzw. anderen Gesetzen zum Schutz geistigen Eigentums. Eine Vervielf\u00e4ltigung, Ver\u00e4nderung oder Verwendung in anderen elektronischen oder gedruckten Publikationen ist ohne ausdr\u00fcckliche Zustimmung von KLETTERKULTUR nicht gestattet.[\/vc_column_text][\/vc_column][\/vc_row]<\/p>\n<\/div>","protected":false},"excerpt":{"rendered":"<p>[vc_row][vc_column css=&#8220;.vc_custom_1445168024377{margin-top: 100px !important;}&#8220;][section_header use_decoration=&#8220;1&#8243; layout_type=&#8220;section-heading-point-bottom&#8220; main_heading=&#8220;Haftungsschlu\u00df&#8220; font_size=&#8220;xlarge&#8220; separator_color=&#8220;#dd3333&#8243; css=&#8220;.vc_custom_1497365533476{margin-top: 150px !important;margin-bottom: 75px !important;}&#8220;][vc_column_text] Inhalt des Onlineangebots Der Autor KLETTERKULTUR \u00fcbernimmt keinerlei Gew\u00e4hr f\u00fcr die Aktualit\u00e4t, Korrektheit, Vollst\u00e4ndigkeit oder Qualit\u00e4t der bereitgestellten Informationen. Haftungsanspr\u00fcche gegen KLETTERKULTUR, die sich auf Sch\u00e4den materieller oder ideeller Art beziehen, welche durch die Nutzung oder Nichtnutzung der dargebotenen Informationen bzw.&hellip;<\/p>\n","protected":false},"author":1,"featured_media":0,"parent":0,"menu_order":0,"comment_status":"closed","ping_status":"closed","template":"","meta":[],"_links":{"self":[{"href":"https:\/\/www.kletterkultur.com\/index.php?rest_route=\/wp\/v2\/pages\/376"}],"collection":[{"href":"https:\/\/www.kletterkultur.com\/index.php?rest_route=\/wp\/v2\/pages"}],"about":[{"href":"https:\/\/www.kletterkultur.com\/index.php?rest_route=\/wp\/v2\/types\/page"}],"author":[{"embeddable":true,"href":"https:\/\/www.kletterkultur.com\/index.php?rest_route=\/wp\/v2\/users\/1"}],"replies":[{"embeddable":true,"href":"https:\/\/www.kletterkultur.com\/index.php?rest_route=%2Fwp%2Fv2%2Fcomments&post=376"}],"version-history":[{"count":1,"href":"https:\/\/www.kletterkultur.com\/index.php?rest_route=\/wp\/v2\/pages\/376\/revisions"}],"predecessor-version":[{"id":10844,"href":"https:\/\/www.kletterkultur.com\/index.php?rest_route=\/wp\/v2\/pages\/376\/revisions\/10844"}],"wp:attachment":[{"href":"https:\/\/www.kletterkultur.com\/index.php?rest_route=%2Fwp%2Fv2%2Fmedia&parent=376"}],"curies":[{"name":"wp","href":"https:\/\/api.w.org\/{rel}","templated":true}]}}